{"id":18,"date":"2025-03-13T18:07:29","date_gmt":"2025-03-13T18:07:29","guid":{"rendered":"https:\/\/diftorreon.gob.mx\/?page_id=18"},"modified":"2025-04-02T18:57:23","modified_gmt":"2025-04-02T18:57:23","slug":"conocenos","status":"publish","type":"page","link":"https:\/\/diftorreon.gob.mx\/index.php\/conocenos\/","title":{"rendered":"Con\u00f3cenos"},"content":{"rendered":"\n<style type=\"text\/css\" data-created_by=\"avia_inline_auto\" id=\"style-css-av-m909gj5w-a4798a12fe9e13f779924c152cf77259\">\n#top .av-special-heading.av-m909gj5w-a4798a12fe9e13f779924c152cf77259{\npadding-bottom:10px;\ncolor:#8e2b91;\nfont-size:4vw;\n}\nbody .av-special-heading.av-m909gj5w-a4798a12fe9e13f779924c152cf77259 .av-special-heading-tag .heading-char{\nfont-size:25px;\n}\n#top #wrap_all .av-special-heading.av-m909gj5w-a4798a12fe9e13f779924c152cf77259 .av-special-heading-tag{\nfont-size:4vw;\n}\n.av-special-heading.av-m909gj5w-a4798a12fe9e13f779924c152cf77259 .special-heading-inner-border{\nborder-color:#8e2b91;\n}\n.av-special-heading.av-m909gj5w-a4798a12fe9e13f779924c152cf77259 .av-subheading{\nfont-size:15px;\n}\n\n@media only screen and (min-width: 480px) and (max-width: 767px){ \n#top #wrap_all .av-special-heading.av-m909gj5w-a4798a12fe9e13f779924c152cf77259 .av-special-heading-tag{\nfont-size:0.8em;\n}\n}\n\n@media only screen and (max-width: 479px){ \n#top #wrap_all .av-special-heading.av-m909gj5w-a4798a12fe9e13f779924c152cf77259 .av-special-heading-tag{\nfont-size:0.8em;\n}\n}\n<\/style>\n<div  class='av-special-heading av-m909gj5w-a4798a12fe9e13f779924c152cf77259 av-special-heading-h1 custom-color-heading blockquote modern-quote modern-centered  avia-builder-el-0  el_before_av_hr  avia-builder-el-first  av-inherit-size'><h1 class='av-special-heading-tag '  itemprop=\"headline\"  >CON\u00d3CENOS<\/h1><div class=\"special-heading-border\"><div class=\"special-heading-inner-border\"><\/div><\/div><\/div>\n\n<style type=\"text\/css\" data-created_by=\"avia_inline_auto\" id=\"style-css-av-m909hp0o-58a673c1e07a008dc1facce33afb9b3e\">\n#top .hr.av-m909hp0o-58a673c1e07a008dc1facce33afb9b3e{\nmargin-top:10px;\nmargin-bottom:10px;\n}\n.hr.av-m909hp0o-58a673c1e07a008dc1facce33afb9b3e .hr-inner{\nwidth:800px;\nborder-color:#fba81c;\n}\n<\/style>\n<div  class='hr av-m909hp0o-58a673c1e07a008dc1facce33afb9b3e hr-custom  avia-builder-el-1  el_after_av_heading  el_before_av_one_fourth  hr-center hr-icon-no'><span class='hr-inner inner-border-av-border-fat'><span class=\"hr-inner-style\"><\/span><\/span><\/div>\n<div  class='flex_column av-av_one_fourth-2d22dc0500e159f2b39fe7a147caf14c av_one_fourth  avia-builder-el-2  el_after_av_hr  el_before_av_one_fourth  first flex_column_div  '     ><p>\n<style type=\"text\/css\" data-created_by=\"avia_inline_auto\" id=\"style-css-av-m909ky7q-f6be0340cb75f2521b8b9471966ac37d\">\n#top .av-special-heading.av-m909ky7q-f6be0340cb75f2521b8b9471966ac37d{\npadding-bottom:10px;\n}\nbody .av-special-heading.av-m909ky7q-f6be0340cb75f2521b8b9471966ac37d .av-special-heading-tag .heading-char{\nfont-size:25px;\n}\n.av-special-heading.av-m909ky7q-f6be0340cb75f2521b8b9471966ac37d .av-subheading{\nfont-size:15px;\n}\n<\/style>\n<div  class='av-special-heading av-m909ky7q-f6be0340cb75f2521b8b9471966ac37d av-special-heading-h3  avia-builder-el-3  el_before_av_textblock  avia-builder-el-first '><h3 class='av-special-heading-tag '  itemprop=\"headline\"  >Objetivo institucional<\/h3><div class=\"special-heading-border\"><div class=\"special-heading-inner-border\"><\/div><\/div><\/div><br \/>\n\n<style type=\"text\/css\" data-created_by=\"avia_inline_auto\" id=\"style-css-av-m909zvfc-2b936d11dd61fb5b4ef7085a418329ee\">\n#top .av_textblock_section.av-m909zvfc-2b936d11dd61fb5b4ef7085a418329ee .avia_textblock{\nfont-size:16px;\ntext-align:justify;\n}\n<\/style>\n<section  class='av_textblock_section av-m909zvfc-2b936d11dd61fb5b4ef7085a418329ee '   itemscope=\"itemscope\" itemtype=\"https:\/\/schema.org\/CreativeWork\" ><div class='avia_textblock'  itemprop=\"text\" ><p>Garantizar\u00a0 los derechos de las familias, en el marco del Estado Social de Derecho, a trav\u00e9s del reconocimiento de su diversidad, la transformaci\u00f3n de patrones culturales hegem\u00f3nicos y excluyentes, la promoci\u00f3n de relaciones democr\u00e1ticas y el dise\u00f1o de estrategias que contribuyan a su seguridad econ\u00f3mica y social, para la construcci\u00f3n de una sociedad justa y equitativa.<\/p>\n<\/div><\/section><\/p><\/div><div  class='flex_column av-av_one_fourth-3b0d446bf9e6f7db91541aa567be4cdf av_one_fourth  avia-builder-el-5  el_after_av_one_fourth  el_before_av_one_fourth  flex_column_div  '     ><p>\n<style type=\"text\/css\" data-created_by=\"avia_inline_auto\" id=\"style-css-av-m909lf3s-faa772486bec7764e536abcbc2fa1784\">\n#top .av-special-heading.av-m909lf3s-faa772486bec7764e536abcbc2fa1784{\npadding-bottom:10px;\n}\nbody .av-special-heading.av-m909lf3s-faa772486bec7764e536abcbc2fa1784 .av-special-heading-tag .heading-char{\nfont-size:25px;\n}\n.av-special-heading.av-m909lf3s-faa772486bec7764e536abcbc2fa1784 .av-subheading{\nfont-size:15px;\n}\n<\/style>\n<div  class='av-special-heading av-m909lf3s-faa772486bec7764e536abcbc2fa1784 av-special-heading-h3  avia-builder-el-6  el_before_av_textblock  avia-builder-el-first '><h3 class='av-special-heading-tag '  itemprop=\"headline\"  >Misi\u00f3n<\/h3><div class=\"special-heading-border\"><div class=\"special-heading-inner-border\"><\/div><\/div><\/div><br \/>\n\n<style type=\"text\/css\" data-created_by=\"avia_inline_auto\" id=\"style-css-av-m909zgao-cad63c841e6f9cbae751aa485f5717f7\">\n#top .av_textblock_section.av-m909zgao-cad63c841e6f9cbae751aa485f5717f7 .avia_textblock{\nfont-size:16px;\ntext-align:justify;\n}\n<\/style>\n<section  class='av_textblock_section av-m909zgao-cad63c841e6f9cbae751aa485f5717f7 '   itemscope=\"itemscope\" itemtype=\"https:\/\/schema.org\/CreativeWork\" ><div class='avia_textblock'  itemprop=\"text\" ><p>Ser el organismo rector, promotor y ejecutor, que conduzca las pol\u00edticas de asistencia social que promuevan el desarrollo integral de la familia vista como un centro actor y promotor de valores humanistas y democr\u00e1ticos de amplia repercusi\u00f3n a la comunidad.\u00a0 Lineamientos que combatan las causas y efectos de la vulnerabilidad en coordinaci\u00f3n con los sistemas DIF Federal, Estatal, Instituciones P\u00fablicas y Privadas, con el fin de regenerar el tejido social, recuperar los espacios p\u00fablicos y mejorar la calidad de vida de los torreonenses. Garantizar el acceso a los programas asistenciales y a la igualdad de oportunidades, as\u00ed como la superaci\u00f3n de la discriminaci\u00f3n y la exclusi\u00f3n social.<\/p>\n<\/div><\/section><\/p><\/div><div  class='flex_column av-av_one_fourth-3b0d446bf9e6f7db91541aa567be4cdf av_one_fourth  avia-builder-el-8  el_after_av_one_fourth  el_before_av_one_fourth  flex_column_div  '     ><p>\n<style type=\"text\/css\" data-created_by=\"avia_inline_auto\" id=\"style-css-av-m909maz1-1ef4fffe7d4e790fa5527ee27aee50c5\">\n#top .av-special-heading.av-m909maz1-1ef4fffe7d4e790fa5527ee27aee50c5{\npadding-bottom:10px;\n}\nbody .av-special-heading.av-m909maz1-1ef4fffe7d4e790fa5527ee27aee50c5 .av-special-heading-tag .heading-char{\nfont-size:25px;\n}\n.av-special-heading.av-m909maz1-1ef4fffe7d4e790fa5527ee27aee50c5 .av-subheading{\nfont-size:15px;\n}\n<\/style>\n<div  class='av-special-heading av-m909maz1-1ef4fffe7d4e790fa5527ee27aee50c5 av-special-heading-h3  avia-builder-el-9  el_before_av_textblock  avia-builder-el-first '><h3 class='av-special-heading-tag '  itemprop=\"headline\"  >Visi\u00f3n<\/h3><div class=\"special-heading-border\"><div class=\"special-heading-inner-border\"><\/div><\/div><\/div><br \/>\n\n<style type=\"text\/css\" data-created_by=\"avia_inline_auto\" id=\"style-css-av-m909z08g-fd1d1fcd3eeb999377f3f25451ee3d1c\">\n#top .av_textblock_section.av-m909z08g-fd1d1fcd3eeb999377f3f25451ee3d1c .avia_textblock{\nfont-size:16px;\ntext-align:justify;\n}\n<\/style>\n<section  class='av_textblock_section av-m909z08g-fd1d1fcd3eeb999377f3f25451ee3d1c '   itemscope=\"itemscope\" itemtype=\"https:\/\/schema.org\/CreativeWork\" ><div class='avia_textblock'  itemprop=\"text\" ><p>Ser el organismo rector de las pol\u00edticas p\u00fablicas con perspectiva familiar y comunitaria, que hace de la asistencia social una herramienta de inclusi\u00f3n mediante la promoci\u00f3n de un mejor nivel de vida, asistencia para todos y\u00a0 condiciones propicias para el adelanto y el desarrollo humano y social, teniendo como tarea fundamental la erradicaci\u00f3n de la pobreza y el aumento del bienestar de la poblaci\u00f3n a trav\u00e9s de la igualdad, equidad y diversidad para la construcci\u00f3n de un municipio incluyente. Ser un Organismo de vanguardia e innovaci\u00f3n que represente para la poblaci\u00f3n m\u00e1s vulnerable de la ciudad, la mejor opci\u00f3n en cuanto a la prestaci\u00f3n de servicios asistenciales, atenci\u00f3n social y desarrollo familiar.<\/p>\n<\/div><\/section><\/p><\/div><div  class='flex_column av-av_one_fourth-3b0d446bf9e6f7db91541aa567be4cdf av_one_fourth  avia-builder-el-11  el_after_av_one_fourth  el_before_av_section  avia-builder-el-last  flex_column_div  '     ><p>\n<style type=\"text\/css\" data-created_by=\"avia_inline_auto\" id=\"style-css-av-m909rylx-329a3bf850cebebf0a2de899ac18a5af\">\n#top .av-special-heading.av-m909rylx-329a3bf850cebebf0a2de899ac18a5af{\npadding-bottom:10px;\n}\nbody .av-special-heading.av-m909rylx-329a3bf850cebebf0a2de899ac18a5af .av-special-heading-tag .heading-char{\nfont-size:25px;\n}\n.av-special-heading.av-m909rylx-329a3bf850cebebf0a2de899ac18a5af .av-subheading{\nfont-size:15px;\n}\n<\/style>\n<div  class='av-special-heading av-m909rylx-329a3bf850cebebf0a2de899ac18a5af av-special-heading-h3  avia-builder-el-12  el_before_av_textblock  avia-builder-el-first '><h3 class='av-special-heading-tag '  itemprop=\"headline\"  >Valores<\/h3><div class=\"special-heading-border\"><div class=\"special-heading-inner-border\"><\/div><\/div><\/div><br \/>\n\n<style type=\"text\/css\" data-created_by=\"avia_inline_auto\" id=\"style-css-av-m909ygiy-afa50b37e97170250420c1badd62272d\">\n#top .av_textblock_section.av-m909ygiy-afa50b37e97170250420c1badd62272d .avia_textblock{\nfont-size:16px;\ntext-align:justify;\n}\n<\/style>\n<section  class='av_textblock_section av-m909ygiy-afa50b37e97170250420c1badd62272d '   itemscope=\"itemscope\" itemtype=\"https:\/\/schema.org\/CreativeWork\" ><div class='avia_textblock'  itemprop=\"text\" ><p>Para las mejores pr\u00e1cticas de los programas institucionales basamos las acciones en los siguientes valores:<\/p>\n<ul>\n<li>Libertad<\/li>\n<li>Responsabilidad<\/li>\n<li>Justicia Distributiva<\/li>\n<li>Participaci\u00f3n Social<\/li>\n<li>Solidaridad<\/li>\n<li>Sustentabilidad<\/li>\n<li>Respeto al Otro<\/li>\n<li>Respeto a la Diversidad<\/li>\n<li>Integridad<\/li>\n<li>Transparencia<\/li>\n<li>Disciplina<\/li>\n<li>Perspectiva de G\u00e9nero<\/li>\n<\/ul>\n<\/div><\/section><\/p><\/div><\/div><\/div><\/div><!-- close content main div --><\/div><\/div>\n<style type=\"text\/css\" data-created_by=\"avia_inline_auto\" id=\"style-css-av-m90a8snq-3927684653d649505eb39cf433765412\">\n.avia-section.av-m90a8snq-3927684653d649505eb39cf433765412 .av-parallax .av-parallax-inner{\nbackground-repeat:no-repeat;\nbackground-image:url(https:\/\/diftorreon.gob.mx\/wp-content\/uploads\/2025\/03\/fondodif2.png);\nbackground-position:0% 50%;\nbackground-attachment:scroll;\n}\n<\/style>\n<div id='av_section_1'  class='avia-section av-m90a8snq-3927684653d649505eb39cf433765412 main_color avia-section-default avia-no-border-styling  avia-builder-el-14  el_after_av_one_fourth  avia-builder-el-last  av-parallax-section avia-bg-style-parallax container_wrap sidebar_right'  data-section-bg-repeat='no-repeat'><div class='av-parallax' data-avia-parallax-ratio='0.3' ><div class='av-parallax-inner main_color avia-full-stretch'><\/div><\/div><div class='container av-section-cont-open' ><div class='template-page content  av-content-small alpha units'><div class='post-entry post-entry-type-page post-entry-18'><div class='entry-content-wrapper clearfix'>\n\n<style type=\"text\/css\" data-created_by=\"avia_inline_auto\" id=\"style-css-av-m90a9afq-3875a7f56a6a1d6ec0d1ce508b65b0d5\">\n.avia-image-container.av-m90a9afq-3875a7f56a6a1d6ec0d1ce508b65b0d5 img.avia_image{\nbox-shadow:none;\n}\n.avia-image-container.av-m90a9afq-3875a7f56a6a1d6ec0d1ce508b65b0d5 .av-image-caption-overlay-center{\ncolor:#ffffff;\n}\n<\/style>\n<div  class='avia-image-container av-m90a9afq-3875a7f56a6a1d6ec0d1ce508b65b0d5 av-styling- avia-align-center  avia-builder-el-15  el_before_av_one_half  avia-builder-el-first '   itemprop=\"image\" itemscope=\"itemscope\" itemtype=\"https:\/\/schema.org\/ImageObject\" ><div class=\"avia-image-container-inner\"><div class=\"avia-image-overlay-wrap\"><img decoding=\"async\" fetchpriority=\"high\" class='wp-image-129 avia-img-lazy-loading-not-129 avia_image ' src=\"https:\/\/diftorreon.gob.mx\/wp-content\/uploads\/2025\/03\/difsombra3-173x300.png\" alt='' title='difsombra3'  height=\"300\" width=\"173\"  itemprop=\"thumbnailUrl\" srcset=\"https:\/\/diftorreon.gob.mx\/wp-content\/uploads\/2025\/03\/difsombra3-173x300.png 173w, https:\/\/diftorreon.gob.mx\/wp-content\/uploads\/2025\/03\/difsombra3.png 385w\" sizes=\"(max-width: 173px) 100vw, 173px\" \/><\/div><\/div><\/div>\n<div  class='flex_column av-av_one_half-2d22dc0500e159f2b39fe7a147caf14c av_one_half  avia-builder-el-16  el_after_av_image  el_before_av_one_half  first flex_column_div  '     ><style type=\"text\/css\" data-created_by=\"avia_inline_auto\" id=\"style-css-av-m90agfdc-742c7846c9bbfb7c18f394e0a18c6c78\">\n#top .av_textblock_section.av-m90agfdc-742c7846c9bbfb7c18f394e0a18c6c78 .avia_textblock{\ncolor:#ffffff;\ntext-align:center;\n}\n<\/style>\n<section  class='av_textblock_section av-m90agfdc-742c7846c9bbfb7c18f394e0a18c6c78 '   itemscope=\"itemscope\" itemtype=\"https:\/\/schema.org\/CreativeWork\" ><div class='avia_textblock av_inherit_color'  itemprop=\"text\" ><h2>CIUDAD DIF<\/h2>\n<p>Calzada de Los Continentes #500<br \/>\nFracc. Las Etnias C.P. 27058, Torre\u00f3n, Coah. Tel. (871) 229-3300<\/p>\n<\/div><\/section><\/div><div  class='flex_column av-av_one_half-3b0d446bf9e6f7db91541aa567be4cdf av_one_half  avia-builder-el-18  el_after_av_one_half  avia-builder-el-last  flex_column_div  '     ><style type=\"text\/css\" data-created_by=\"avia_inline_auto\" id=\"style-css-av-m90ah038-a5be13c5a9a98da9698f8df95fe8abdc\">\n#top .av_textblock_section.av-m90ah038-a5be13c5a9a98da9698f8df95fe8abdc .avia_textblock{\ncolor:#ffffff;\n}\n<\/style>\n<section  class='av_textblock_section av-m90ah038-a5be13c5a9a98da9698f8df95fe8abdc '   itemscope=\"itemscope\" itemtype=\"https:\/\/schema.org\/CreativeWork\" ><div class='avia_textblock av_inherit_color'  itemprop=\"text\" ><h2 style=\"text-align: center;\">DIF REVOLUCI\u00d3N<\/h2>\n<p style=\"text-align: center;\">Blvd. Revoluci\u00f3n No. 639 Pte.<br \/>\nCol. Centro. C.P. 27000, Torre\u00f3n, Coah.<\/p>\n<\/div><\/section><\/div><\/div><\/div><\/div><!-- close content main div --><\/div><\/div><div id='after_section_1'  class='main_color av_default_container_wrap container_wrap sidebar_right'  ><div class='container av-section-cont-open' ><div class='template-page content  av-content-small alpha units'><div class='post-entry post-entry-type-page post-entry-18'><div class='entry-content-wrapper clearfix'><\/p>\n","protected":false},"excerpt":{"rendered":"","protected":false},"author":1,"featured_media":0,"parent":0,"menu_order":0,"comment_status":"closed","ping_status":"closed","template":"","meta":{"footnotes":""},"class_list":["post-18","page","type-page","status-publish","hentry"],"_links":{"self":[{"href":"https:\/\/diftorreon.gob.mx\/index.php\/wp-json\/wp\/v2\/pages\/18","targetHints":{"allow":["GET"]}}],"collection":[{"href":"https:\/\/diftorreon.gob.mx\/index.php\/wp-json\/wp\/v2\/pages"}],"about":[{"href":"https:\/\/diftorreon.gob.mx\/index.php\/wp-json\/wp\/v2\/types\/page"}],"author":[{"embeddable":true,"href":"https:\/\/diftorreon.gob.mx\/index.php\/wp-json\/wp\/v2\/users\/1"}],"replies":[{"embeddable":true,"href":"https:\/\/diftorreon.gob.mx\/index.php\/wp-json\/wp\/v2\/comments?post=18"}],"version-history":[{"count":11,"href":"https:\/\/diftorreon.gob.mx\/index.php\/wp-json\/wp\/v2\/pages\/18\/revisions"}],"predecessor-version":[{"id":369,"href":"https:\/\/diftorreon.gob.mx\/index.php\/wp-json\/wp\/v2\/pages\/18\/revisions\/369"}],"wp:attachment":[{"href":"https:\/\/diftorreon.gob.mx\/index.php\/wp-json\/wp\/v2\/media?parent=18"}],"curies":[{"name":"wp","href":"https:\/\/api.w.org\/{rel}","templated":true}]}}