{"id":22,"date":"2025-03-13T18:13:32","date_gmt":"2025-03-13T18:13:32","guid":{"rendered":"https:\/\/diftorreon.gob.mx\/?page_id=22"},"modified":"2025-03-19T19:11:39","modified_gmt":"2025-03-19T19:11:39","slug":"osc","status":"publish","type":"page","link":"https:\/\/diftorreon.gob.mx\/index.php\/osc\/","title":{"rendered":"OSC"},"content":{"rendered":"\n<style type=\"text\/css\" data-created_by=\"avia_inline_auto\" id=\"style-css-av-m8g4sl4d-cb39c992974bcfc29c440615bcd8a6ad\">\n#top .av-special-heading.av-m8g4sl4d-cb39c992974bcfc29c440615bcd8a6ad{\npadding-bottom:10px;\ncolor:#8e2b91;\nfont-size:3vw;\n}\nbody .av-special-heading.av-m8g4sl4d-cb39c992974bcfc29c440615bcd8a6ad .av-special-heading-tag .heading-char{\nfont-size:25px;\n}\n#top #wrap_all .av-special-heading.av-m8g4sl4d-cb39c992974bcfc29c440615bcd8a6ad .av-special-heading-tag{\nfont-size:3vw;\n}\n.av-special-heading.av-m8g4sl4d-cb39c992974bcfc29c440615bcd8a6ad .special-heading-inner-border{\nborder-color:#8e2b91;\n}\n.av-special-heading.av-m8g4sl4d-cb39c992974bcfc29c440615bcd8a6ad .av-subheading{\nfont-size:15px;\n}\n\n@media only screen and (min-width: 480px) and (max-width: 767px){ \n#top #wrap_all .av-special-heading.av-m8g4sl4d-cb39c992974bcfc29c440615bcd8a6ad .av-special-heading-tag{\nfont-size:0.8em;\n}\n}\n\n@media only screen and (max-width: 479px){ \n#top #wrap_all .av-special-heading.av-m8g4sl4d-cb39c992974bcfc29c440615bcd8a6ad .av-special-heading-tag{\nfont-size:0.8em;\n}\n}\n<\/style>\n<div  class='av-special-heading av-m8g4sl4d-cb39c992974bcfc29c440615bcd8a6ad av-special-heading-h2 custom-color-heading blockquote modern-quote modern-centered  avia-builder-el-0  el_before_av_hr  avia-builder-el-first  av-inherit-size'><h2 class='av-special-heading-tag '  itemprop=\"headline\"  >ORGANIZACIONES DE LA SOCIEDAD CIVIL<\/h2><div class=\"special-heading-border\"><div class=\"special-heading-inner-border\"><\/div><\/div><\/div>\n\n<style type=\"text\/css\" data-created_by=\"avia_inline_auto\" id=\"style-css-av-m8g4yokt-868553ac511bf15ce09eedd1d633b855\">\n#top .hr.av-m8g4yokt-868553ac511bf15ce09eedd1d633b855{\nmargin-top:10px;\nmargin-bottom:10px;\n}\n.hr.av-m8g4yokt-868553ac511bf15ce09eedd1d633b855 .hr-inner{\nwidth:800px;\nborder-color:#fba81c;\n}\n<\/style>\n<div  class='hr av-m8g4yokt-868553ac511bf15ce09eedd1d633b855 hr-custom  avia-builder-el-1  el_after_av_heading  el_before_av_one_full  hr-center hr-icon-no'><span class='hr-inner inner-border-av-border-fat'><span class=\"hr-inner-style\"><\/span><\/span><\/div>\n<div  class='flex_column av-3aftu-379c26b8d780ae7cce0bb89fef968756 av_one_full  avia-builder-el-2  el_after_av_hr  el_before_av_heading  first flex_column_div  '     ><section  class='av_textblock_section av-m8g54hy6-d71c4ed90e6c9e88f2f7894a0704ebaa '   itemscope=\"itemscope\" itemtype=\"https:\/\/schema.org\/CreativeWork\" ><div class='avia_textblock'  itemprop=\"text\" ><p style=\"text-align: center;\">Promover, capacitar y modernizar los servicios que estas ofrecen con el prop\u00f3sito de brindar un mejor servicio a la comunidad. Dicha coordinaci\u00f3n generar y promueve alianzas y estrategias de vinculaci\u00f3n, profesionalizaci\u00f3n e integraci\u00f3n entre DIF Torre\u00f3n y las Organizaciones de la Sociedad Civil, as\u00ed como diversos organismos gubernamentales y privados que favorezcan el bienestar social de las personas en situaci\u00f3n de vulnerabilidad y\/o marginaci\u00f3n.<\/p>\n<\/div><\/section><\/div>\n\n<style type=\"text\/css\" data-created_by=\"avia_inline_auto\" id=\"style-css-av-m8g59ulx-7fd1a4c409927bf14b7acfe1f0fe68b0\">\n#top .av-special-heading.av-m8g59ulx-7fd1a4c409927bf14b7acfe1f0fe68b0{\npadding-bottom:10px;\n}\nbody .av-special-heading.av-m8g59ulx-7fd1a4c409927bf14b7acfe1f0fe68b0 .av-special-heading-tag .heading-char{\nfont-size:25px;\n}\n.av-special-heading.av-m8g59ulx-7fd1a4c409927bf14b7acfe1f0fe68b0 .av-subheading{\nfont-size:15px;\n}\n<\/style>\n<div  class='av-special-heading av-m8g59ulx-7fd1a4c409927bf14b7acfe1f0fe68b0 av-special-heading-h1 blockquote modern-quote modern-centered  avia-builder-el-4  el_after_av_one_full  el_before_av_hr '><h1 class='av-special-heading-tag '  itemprop=\"headline\"  >PADR\u00d3N DE OSC<\/h1><div class=\"special-heading-border\"><div class=\"special-heading-inner-border\"><\/div><\/div><\/div>\n\n<style type=\"text\/css\" data-created_by=\"avia_inline_auto\" id=\"style-css-av-m8g8zfa0-f033bec3e1fc9f9c3f97762ac3fad4bf\">\n#top .hr.av-m8g8zfa0-f033bec3e1fc9f9c3f97762ac3fad4bf{\nmargin-top:10px;\nmargin-bottom:10px;\n}\n.hr.av-m8g8zfa0-f033bec3e1fc9f9c3f97762ac3fad4bf .hr-inner{\nwidth:1300px;\nborder-color:#d8d8d8;\n}\n<\/style>\n<div  class='hr av-m8g8zfa0-f033bec3e1fc9f9c3f97762ac3fad4bf hr-custom  avia-builder-el-5  el_after_av_heading  el_before_av_one_third  hr-center hr-icon-no'><span class='hr-inner inner-border-av-border-thin'><span class=\"hr-inner-style\"><\/span><\/span><\/div>\n<div  class='flex_column av-m8g8tku8-b14e2241f9acb55a660882c020b5e96d av_one_third  avia-builder-el-6  el_after_av_hr  el_before_av_one_third  first flex_column_div  '     ><style type=\"text\/css\" data-created_by=\"avia_inline_auto\" id=\"style-css-av-m8g5lmup-aacb7315f2788973c65ab9864b5d2466\">\n#top .av_textblock_section.av-m8g5lmup-aacb7315f2788973c65ab9864b5d2466 .avia_textblock{\nfont-size:17px;\ncolor:#686868;\n}\n<\/style>\n<section  class='av_textblock_section av-m8g5lmup-aacb7315f2788973c65ab9864b5d2466 '   itemscope=\"itemscope\" itemtype=\"https:\/\/schema.org\/CreativeWork\" ><div class='avia_textblock av_inherit_color'  itemprop=\"text\" ><p style=\"text-align: center;\"><strong><a href=\"https:\/\/www.oscscoahuila.mx\/albergue-del-padre-manuelito-ac\">Albergue del Padre Manuelito A.C.<\/a><br \/>\n*******<\/strong><\/p>\n<p style=\"text-align: center;\"><a href=\"https:\/\/www.caritastorreon.com\">C\u00e1ritas Diocesanas de Torre\u00f3n A.C.<\/a><br \/>\n<strong>*******<\/strong><\/p>\n<p style=\"text-align: center;\"><strong><a href=\"https:\/\/casadelninotorreon.org\">Casa de Beneficencia de Torre\u00f3n A.C.<\/a><br \/>\n*******<br \/>\n<\/strong><\/p>\n<p style=\"text-align: center;\"><a href=\"https:\/\/www.facebook.com\/casaancianope\/?locale=es_LA\">Casa del Anciano del Padre Estala, A.C.<\/a><br \/>\n<strong>*******<\/strong><\/p>\n<p style=\"text-align: center;\"><strong><a href=\"https:\/\/www.oscscoahuila.mx\/casa-del-anciano-dr-samuel-silva-ac\">Casa del Anciano Dr. Samuel Silva A.C.<\/a><br \/>\n*******<br \/>\n<\/strong><\/p>\n<p style=\"text-align: center;\"><a href=\"https:\/\/www.abrazame.org.mx\">Casa Hogar Abraz\u00e1me A.C.<\/a><br \/>\n<strong>*******<\/strong><\/p>\n<p style=\"text-align: center;\"><strong><a href=\"https:\/\/www.oscscoahuila.mx\/acisjf\">Casa Hogar Protecci\u00f3n a la J\u00f3ven A.C.<\/a><br \/>\n*******<br \/>\n<\/strong><\/p>\n<p style=\"text-align: center;\"><a href=\"https:\/\/www.facebook.com\/iglesiaaguavivatorreon\/?locale=es_LA\">Casas y Albergues de Rehabilitaci\u00f3n Agua Viva A.C.<\/a><br \/>\n<strong>*******<\/strong><\/p>\n<p style=\"text-align: center;\"><strong><a href=\"https:\/\/www.alzheimerdelalaguna.org\/ejes.html\">Centro de Alzheimer de la Laguna A.C.<\/a><br \/>\n*******<br \/>\n<\/strong><\/p>\n<p style=\"text-align: center;\"><a href=\"https:\/\/www.oscscoahuila.mx\/crad-luz-de-vida-ac\">Centro de Recuperaci\u00f3n de Alcoh\u00f3licos y Drogadictos Luz de Vida A.C.<\/a><br \/>\n<strong>*******<\/strong><\/p>\n<p style=\"text-align: center;\"><strong><a href=\"https:\/\/www.allbiz.mx\/centro-educaci\u00f3n-de-la-ni\u00f1ez-871-750-6011\">Centro Educativo de la Ni\u00f1ez Torreonense A.C.<\/a><br \/>\n*******<br \/>\n<\/strong><\/p>\n<p style=\"text-align: center;\"><a href=\"https:\/\/www.facebook.com\/p\/Centro-Lagunero-de-Educaci\u00f3n-Especial-100068796052973\/\">Centro Lagunero de Educaci\u00f3n Especial A.C.<\/a><br \/>\n<strong>*******<\/strong><\/p>\n<p style=\"text-align: center;\"><strong><a href=\"https:\/\/www.facebook.com\/centro.integracion.torreon\/?locale=es_LA\">Centros de Integraci\u00f3n Juvenil Laguna A.C.<\/a><br \/>\n*******<br \/>\n<\/strong><\/p>\n<p style=\"text-align: center;\"><a href=\"https:\/\/www.oscscoahuila.mx\/ciudad-de-los-ninos-ac\">Ciudad de los Ni\u00f1os A.C.<\/a><br \/>\n<strong>*******<\/strong><\/p>\n<p style=\"text-align: center;\"><strong><a href=\"https:\/\/www.facebook.com\/p\/Fundaci\u00f3n-Corazones-Dispuestos-a-Ayudar-AC-100064594247847\/?locale=es_LA\">Corazones Dispuestos A.C.<\/a><br \/>\n*******<br \/>\n<\/strong><\/p>\n<p style=\"text-align: center;\"><a href=\"https:\/\/www.oscscoahuila.mx\/cruz-verde-laguna-ac\">Cruz Verde Laguna A.C.<\/a><br \/>\n<strong>*******<\/strong><\/p>\n<p style=\"text-align: center;\"><strong><a href=\"https:\/\/rutasparafortalecer.org\/osc\/dejando-el-pasado-a-c\/\">Dejando El Pasado A.C.<\/a><br \/>\n*******<br \/>\n<\/strong><\/p>\n<p style=\"text-align: center;\"><a href=\"https:\/\/www.oscscoahuila.mx\/desarrollo-integral-del-menor-ac\">Desarrollo Integral del Menor A.C.<\/a><br \/>\n<strong>*******<\/strong><\/p>\n<\/div><\/section><\/div><div  class='flex_column av-a9b2-0691d0cf8dfe9615c6a39a5863dd18b8 av_one_third  avia-builder-el-8  el_after_av_one_third  el_before_av_one_third  flex_column_div  '     ><style type=\"text\/css\" data-created_by=\"avia_inline_auto\" id=\"style-css-av-m8g5mkos-082e1bd17bb3037c195da08ab4711dd4\">\n#top .av_textblock_section.av-m8g5mkos-082e1bd17bb3037c195da08ab4711dd4 .avia_textblock{\nfont-size:17px;\ncolor:#686868;\n}\n<\/style>\n<section  class='av_textblock_section av-m8g5mkos-082e1bd17bb3037c195da08ab4711dd4 '   itemscope=\"itemscope\" itemtype=\"https:\/\/schema.org\/CreativeWork\" ><div class='avia_textblock av_inherit_color'  itemprop=\"text\" ><p style=\"text-align: center;\"><a href=\"https:\/\/www.oscscoahuila.mx\/drogadictos-anonimos-ac\">Drogadictos An\u00f3nimos A.C Grupo Nueva Vida<\/a><br \/>\n<strong>*******<\/strong><\/p>\n<p style=\"text-align: center;\"><strong><a href=\"https:\/\/www.oscscoahuila.mx\/eduser-ac-0\">Eduser A.C.<\/a><br \/>\n*******<br \/>\n<\/strong><\/p>\n<p style=\"text-align: center;\"><a href=\"https:\/\/www.facebook.com\/institutogandhitorreon\/?locale=es_LA\">Eduser Reforma A.C.<\/a><br \/>\n<strong>*******<\/strong><\/p>\n<p style=\"text-align: center;\"><a href=\"https:\/\/bateil.edu.mx\"><strong>Escuela T\u00e9cnica Industrial de Torre\u00f3n A.C.<\/strong><\/a><br \/>\n<strong>*******<\/strong><\/p>\n<p style=\"text-align: center;\"><a href=\"https:\/\/www.instagram.com\/eslabonesac\/?hl=es\">Eslabones por la Educaci\u00f3n, A.C<\/a><br \/>\n<strong>*******<\/strong><\/p>\n<p style=\"text-align: center;\"><strong><a href=\"https:\/\/www.oscscoahuila.mx\/espiritu-que-danza-ac\">Esp\u00edritu que Danza, A.C.<\/a><br \/>\n*******<br \/>\n<\/strong><\/p>\n<p style=\"text-align: center;\"><a href=\"https:\/\/www.fundacionclaudiamurra.org\">Fundaci\u00f3n Claudia Murra, A.C.<\/a><br \/>\n<strong>*******<\/strong><\/p>\n<p style=\"text-align: center;\"><strong><a href=\"https:\/\/fundaciondown.org.mx\">Fundaci\u00f3n Down de la Laguna A.C.<\/a><br \/>\n*******<br \/>\n<\/strong><\/p>\n<p style=\"text-align: center;\"><a href=\"https:\/\/www.fundacioneduardotriciogomez.org\">Fundaci\u00f3n Eduardo Tricio G\u00f3mez A.C.<\/a><br \/>\n<strong>*******<\/strong><\/p>\n<p style=\"text-align: center;\"><strong><a href=\"https:\/\/www.oscscoahuila.mx\/fundacion-generacion-2000-ac\">Fundaci\u00f3n Generaci\u00f3n 2000 A.C.<\/a><br \/>\n*******<br \/>\n<\/strong><\/p>\n<p style=\"text-align: center;\">Grupo De Ayuda Mutua Dr. Jos\u00e9 Luis Machado Orozco A.C.<br \/>\n<strong>*******<\/strong><\/p>\n<p style=\"text-align: center;\"><strong><a href=\"https:\/\/www.grupoencendamosunaluz.com\">Grupo Encendamos una Luz &#8220;Casa Feliz&#8221;A.C.<\/a><br \/>\n*******<br \/>\n<\/strong><\/p>\n<p style=\"text-align: center;\"><a href=\"https:\/\/www.oscscoahuila.mx\/guarderia-espacio-de-vida-ac\">Guarder\u00eda Espacio de Vida A.C.<\/a><br \/>\n<strong>*******<\/strong><\/p>\n<p style=\"text-align: center;\"><strong><a href=\"https:\/\/hecat.org.mx\">Hermandad Educativa CAT A.C.<\/a><br \/>\n*******<br \/>\n<\/strong><\/p>\n<p style=\"text-align: center;\"><a href=\"https:\/\/www.oscscoahuila.mx\/hogar-de-ninos-la-fe-ac\">Hogar de Ni\u00f1os la Fe, A.C.<\/a><br \/>\n<strong>*******<\/strong><\/p>\n<p style=\"text-align: center;\"><strong><a href=\"https:\/\/casadejesus.mx\/necesitas-ayuda\/listing\/casa-hogar-para-ninas-elena-domene-de-gonzalez-a-c\/\">Hogar para Ni\u00f1as Elena Domene de Gonz\u00e1lez A.C.<\/a><br \/>\n*******<br \/>\n<\/strong><\/p>\n<p style=\"text-align: center;\"><a href=\"https:\/\/www.oscscoahuila.mx\/hospital-vilaseca-de-la-laguna-casa-de-la-madre-lola-ac\">Hospital Vilaseca de la Laguna (Casa de la Madre Lola) A.C.<\/a><br \/>\n<strong>*******<\/strong><\/p>\n<p style=\"text-align: center;\"><strong><a href=\"http:\/\/www.idilaguna.com\">Instituto de Desarrollo Integral Laguna A.C.<\/a><br \/>\n*******<br \/>\n<\/strong><\/p>\n<\/div><\/section><\/div><div  class='flex_column av-2a6ta-5bd135c54a16a1dd4b151da1248cebe2 av_one_third  avia-builder-el-10  el_after_av_one_third  el_before_av_section  avia-builder-el-last  flex_column_div  '     ><style type=\"text\/css\" data-created_by=\"avia_inline_auto\" id=\"style-css-av-m8g5mtl7-030c200c6f9ab392a8f431dfb37a4617\">\n#top .av_textblock_section.av-m8g5mtl7-030c200c6f9ab392a8f431dfb37a4617 .avia_textblock{\nfont-size:17px;\ncolor:#686868;\n}\n<\/style>\n<section  class='av_textblock_section av-m8g5mtl7-030c200c6f9ab392a8f431dfb37a4617 '   itemscope=\"itemscope\" itemtype=\"https:\/\/schema.org\/CreativeWork\" ><div class='avia_textblock av_inherit_color'  itemprop=\"text\" ><p style=\"text-align: center;\"><strong><a href=\"https:\/\/www.oscscoahuila.mx\/instituto-para-capacidades-diferentes-ac\">Instituto ICADI para Capacidades Diferentes A.C<\/a>.<br \/>\n*******<br \/>\n<\/strong><\/p>\n<p style=\"text-align: center;\"><a href=\"https:\/\/www.facebook.com\/ilalTrc\/?locale=es_LA\">Instituto Lagunero de la Audici\u00f3n y el Lenguaje A.C.<\/a><br \/>\n<strong>*******<\/strong><\/p>\n<p style=\"text-align: center;\"><strong><a href=\"https:\/\/www.facebook.com\/manoamiga.tor\/?locale=es_LA\">Instituto Mano Amiga de Torre\u00f3n S.C.<\/a><br \/>\n*******<br \/>\n<\/strong><\/p>\n<p style=\"text-align: center;\"><a href=\"https:\/\/www.mentesconalas.org.mx\">Mentes con Alas A.C.<\/a><br \/>\n<strong>*******<\/strong><\/p>\n<p style=\"text-align: center;\"><strong><a href=\"https:\/\/www.oscscoahuila.mx\/musas-ac\">Mujeres Solidarias en la Acci\u00f3n Social de la Laguna A.C.<\/a><br \/>\n*******<br \/>\n<\/strong><\/p>\n<p style=\"text-align: center;\"><a href=\"https:\/\/www.facebook.com\/casahogardeancianos\/?locale=es_LA\">Patronato Profa. Lucinda Mijares Valdes A.C.<\/a><br \/>\n<strong>*******<\/strong><\/p>\n<p style=\"text-align: center;\"><strong><a href=\"https:\/\/apin.org.mx\">Pro Infancia Neurogenica A.C.<\/a><br \/>\n*******<br \/>\n<\/strong><\/p>\n<p style=\"text-align: center;\"><a href=\"https:\/\/ayudaresvivir.org\/institucion\/programa-de-ayuda-para-un-mejor-control-de-la-diabetes-y-una-vida-plena-ac.html\">Programa de Ayuda para un Mejor Control de la Diabetes y una Vida Plena, A.C<\/a>.<br \/>\n<strong>*******<\/strong><\/p>\n<p style=\"text-align: center;\"><strong><a href=\"https:\/\/www.oscscoahuila.mx\/projulab-promocion-y-justicia-laboral-ac\">Projulab Promoci\u00f3n y Justicia Laboral A.C.<\/a><br \/>\n*******<br \/>\n<\/strong><\/p>\n<p style=\"text-align: center;\"><a href=\"https:\/\/www.pipaoangelito.org\">Proyecto Pi Pao Angelito de los Ni\u00f1os A.C.<\/a><br \/>\n<strong>*******<\/strong><\/p>\n<p style=\"text-align: center;\"><strong><a href=\"https:\/\/reformatorio-casa-de-jesus-ac.ueniweb.com\">Reformatorio Casa de Jes\u00fas A.C.<\/a><br \/>\n*******<br \/>\n<\/strong><\/p>\n<p style=\"text-align: center;\"><a href=\"https:\/\/sonrisaazul.org.mx\">Sonrisa Azul Laguna, A.C.<\/a><br \/>\n<strong>*******<\/strong><\/p>\n<p style=\"text-align: center;\"><strong><a href=\"https:\/\/www.oscscoahuila.mx\/uncentrito-ac\">Un Centrito A.C.<\/a><br \/>\n*******<br \/>\n<\/strong><\/p>\n<p style=\"text-align: center;\"><a href=\"https:\/\/vercontigo.org\">Ver Contigo A.C.<\/a><br \/>\n<strong>*******<\/strong><\/p>\n<p style=\"text-align: center;\"><strong><a href=\"https:\/\/www.facebook.com\/p\/Vida-Centro-de-Salud-Mental-AC-100069655076109\/?locale=es_LA\">Vida Centro de Salud Mental, A.C.<\/a><br \/>\n*******<br \/>\n<\/strong><\/p>\n<p style=\"text-align: center;\"><a href=\"https:\/\/www.facebook.com\/p\/Voluntarias-Vicentinas-De-Torre\u00f3n-100069137632407\/?locale=es_LA\">Voluntarias Vicentinas de Torre\u00f3n A.C.<\/a><br \/>\n<strong>*******<\/strong><\/p>\n<\/div><\/section><\/div><\/div><\/div><\/div><!-- close content main div --><\/div><\/div>\n<style type=\"text\/css\" data-created_by=\"avia_inline_auto\" id=\"style-css-av-m8g88gi3-ee71917eab8ed98c92757dc7dff63eb7\">\n.avia-section.av-m8g88gi3-ee71917eab8ed98c92757dc7dff63eb7 .av-parallax .av-parallax-inner{\nbackground-repeat:no-repeat;\nbackground-image:url(https:\/\/diftorreon.gob.mx\/wp-content\/uploads\/2025\/03\/fondodif2.png);\nbackground-position:0% 50%;\nbackground-attachment:scroll;\n}\n<\/style>\n<div id='av_section_1'  class='avia-section av-m8g88gi3-ee71917eab8ed98c92757dc7dff63eb7 main_color avia-section-no-padding avia-no-border-styling  avia-builder-el-12  el_after_av_one_third  avia-builder-el-last  av-parallax-section avia-bg-style-parallax container_wrap sidebar_right'  data-section-bg-repeat='no-repeat'><div class='av-parallax' data-avia-parallax-ratio='0.3' ><div class='av-parallax-inner main_color avia-full-stretch'><\/div><\/div><div class='container av-section-cont-open' ><div class='template-page content  av-content-small alpha units'><div class='post-entry post-entry-type-page post-entry-22'><div class='entry-content-wrapper clearfix'>\n\n<style type=\"text\/css\" data-created_by=\"avia_inline_auto\" id=\"style-css-av-m8g890pe-0794d02807f1fb7201951895f6e1c0ee\">\n.avia-image-container.av-m8g890pe-0794d02807f1fb7201951895f6e1c0ee img.avia_image{\nbox-shadow:none;\n}\n.avia-image-container.av-m8g890pe-0794d02807f1fb7201951895f6e1c0ee .av-image-caption-overlay-center{\ncolor:#ffffff;\n}\n<\/style>\n<div  class='avia-image-container av-m8g890pe-0794d02807f1fb7201951895f6e1c0ee av-styling- avia-align-center  avia-builder-el-13  el_before_av_one_half  avia-builder-el-first '   itemprop=\"image\" itemscope=\"itemscope\" itemtype=\"https:\/\/schema.org\/ImageObject\" ><div class=\"avia-image-container-inner\"><div class=\"avia-image-overlay-wrap\"><img decoding=\"async\" fetchpriority=\"high\" class='wp-image-129 avia-img-lazy-loading-not-129 avia_image ' src=\"https:\/\/diftorreon.gob.mx\/wp-content\/uploads\/2025\/03\/difsombra3-173x300.png\" alt='' title='difsombra3'  height=\"300\" width=\"173\"  itemprop=\"thumbnailUrl\" srcset=\"https:\/\/diftorreon.gob.mx\/wp-content\/uploads\/2025\/03\/difsombra3-173x300.png 173w, https:\/\/diftorreon.gob.mx\/wp-content\/uploads\/2025\/03\/difsombra3.png 385w\" sizes=\"(max-width: 173px) 100vw, 173px\" \/><\/div><\/div><\/div>\n<div  class='flex_column av-1kwbi-e3e5d1fd38813f29e0311f4a6430bcb5 av_one_half  avia-builder-el-14  el_after_av_image  el_before_av_one_half  first flex_column_div  '     ><style type=\"text\/css\" data-created_by=\"avia_inline_auto\" id=\"style-css-av-m8g8oaab-1d19c6318aefbf02b0d80d473450854f\">\n#top .av_textblock_section.av-m8g8oaab-1d19c6318aefbf02b0d80d473450854f .avia_textblock{\ncolor:#ffffff;\n}\n<\/style>\n<section  class='av_textblock_section av-m8g8oaab-1d19c6318aefbf02b0d80d473450854f '   itemscope=\"itemscope\" itemtype=\"https:\/\/schema.org\/CreativeWork\" ><div class='avia_textblock av_inherit_color'  itemprop=\"text\" ><h2 style=\"text-align: center;\">CIUDAD DIF<\/h2>\n<p style=\"text-align: center;\">Calzada de Los Continentes #500<br \/>\nFracc. Las Etnias C.P. 27058, Torre\u00f3n, Coah. Tel. (871) 229-3300<\/p>\n<\/div><\/section><\/div><div  class='flex_column av-15az6-4635feb4cebff1b90fec8ac4bcd05149 av_one_half  avia-builder-el-16  el_after_av_one_half  avia-builder-el-last  flex_column_div  '     ><style type=\"text\/css\" data-created_by=\"avia_inline_auto\" id=\"style-css-av-m8g8orc8-e5128289a92e18516855ff07a4d036b5\">\n#top .av_textblock_section.av-m8g8orc8-e5128289a92e18516855ff07a4d036b5 .avia_textblock{\ncolor:#ffffff;\n}\n<\/style>\n<section  class='av_textblock_section av-m8g8orc8-e5128289a92e18516855ff07a4d036b5 '   itemscope=\"itemscope\" itemtype=\"https:\/\/schema.org\/CreativeWork\" ><div class='avia_textblock av_inherit_color'  itemprop=\"text\" ><h2 style=\"text-align: center;\">DIF REVOLUCI\u00d3N<\/h2>\n<p style=\"text-align: center;\">Blvd. Revoluci\u00f3n No. 639 Pte.<br \/>\nCol. Centro. C.P. 27000, Torre\u00f3n, Coah.<\/p>\n<\/div><\/section><\/div>\n<\/div><\/div><\/div><!-- close content main div --><\/div><\/div><div id='after_section_1'  class='main_color av_default_container_wrap container_wrap sidebar_right'  ><div class='container av-section-cont-open' ><div class='template-page content  av-content-small alpha units'><div class='post-entry post-entry-type-page post-entry-22'><div class='entry-content-wrapper clearfix'><\/p>\n","protected":false},"excerpt":{"rendered":"","protected":false},"author":1,"featured_media":0,"parent":0,"menu_order":0,"comment_status":"closed","ping_status":"closed","template":"","meta":{"footnotes":""},"class_list":["post-22","page","type-page","status-publish","hentry"],"_links":{"self":[{"href":"https:\/\/diftorreon.gob.mx\/index.php\/wp-json\/wp\/v2\/pages\/22","targetHints":{"allow":["GET"]}}],"collection":[{"href":"https:\/\/diftorreon.gob.mx\/index.php\/wp-json\/wp\/v2\/pages"}],"about":[{"href":"https:\/\/diftorreon.gob.mx\/index.php\/wp-json\/wp\/v2\/types\/page"}],"author":[{"embeddable":true,"href":"https:\/\/diftorreon.gob.mx\/index.php\/wp-json\/wp\/v2\/users\/1"}],"replies":[{"embeddable":true,"href":"https:\/\/diftorreon.gob.mx\/index.php\/wp-json\/wp\/v2\/comments?post=22"}],"version-history":[{"count":42,"href":"https:\/\/diftorreon.gob.mx\/index.php\/wp-json\/wp\/v2\/pages\/22\/revisions"}],"predecessor-version":[{"id":266,"href":"https:\/\/diftorreon.gob.mx\/index.php\/wp-json\/wp\/v2\/pages\/22\/revisions\/266"}],"wp:attachment":[{"href":"https:\/\/diftorreon.gob.mx\/index.php\/wp-json\/wp\/v2\/media?parent=22"}],"curies":[{"name":"wp","href":"https:\/\/api.w.org\/{rel}","templated":true}]}}