{"id":271,"date":"2025-03-19T19:23:07","date_gmt":"2025-03-19T19:23:07","guid":{"rendered":"https:\/\/diftorreon.gob.mx\/?page_id=271"},"modified":"2025-03-25T18:04:23","modified_gmt":"2025-03-25T18:04:23","slug":"integracion-familiar","status":"publish","type":"page","link":"https:\/\/diftorreon.gob.mx\/index.php\/integracion-familiar\/","title":{"rendered":"Integraci\u00f3n Familiar"},"content":{"rendered":"\n<style type=\"text\/css\" data-created_by=\"avia_inline_auto\" id=\"style-css-av-m8or9tl3-648858bfdf4a7426fcfc73f324dbf58f\">\n#top .av-special-heading.av-m8or9tl3-648858bfdf4a7426fcfc73f324dbf58f{\npadding-bottom:10px;\ncolor:#8e2b91;\nfont-size:3vw;\n}\nbody .av-special-heading.av-m8or9tl3-648858bfdf4a7426fcfc73f324dbf58f .av-special-heading-tag .heading-char{\nfont-size:25px;\n}\n#top #wrap_all .av-special-heading.av-m8or9tl3-648858bfdf4a7426fcfc73f324dbf58f .av-special-heading-tag{\nfont-size:3vw;\n}\n.av-special-heading.av-m8or9tl3-648858bfdf4a7426fcfc73f324dbf58f .special-heading-inner-border{\nborder-color:#8e2b91;\n}\n.av-special-heading.av-m8or9tl3-648858bfdf4a7426fcfc73f324dbf58f .av-subheading{\nfont-size:15px;\n}\n\n@media only screen and (min-width: 480px) and (max-width: 767px){ \n#top #wrap_all .av-special-heading.av-m8or9tl3-648858bfdf4a7426fcfc73f324dbf58f .av-special-heading-tag{\nfont-size:0.8em;\n}\n}\n\n@media only screen and (max-width: 479px){ \n#top #wrap_all .av-special-heading.av-m8or9tl3-648858bfdf4a7426fcfc73f324dbf58f .av-special-heading-tag{\nfont-size:0.8em;\n}\n}\n<\/style>\n<div  class='av-special-heading av-m8or9tl3-648858bfdf4a7426fcfc73f324dbf58f av-special-heading-h3 custom-color-heading blockquote modern-quote modern-centered  avia-builder-el-0  el_before_av_hr  avia-builder-el-first  av-inherit-size'><h3 class='av-special-heading-tag '  itemprop=\"headline\"  >DIRECCI\u00d3N DE INTEGRACI\u00d3N FAMILIAR<\/h3><div class=\"special-heading-border\"><div class=\"special-heading-inner-border\"><\/div><\/div><\/div>\n\n<style type=\"text\/css\" data-created_by=\"avia_inline_auto\" id=\"style-css-av-m8orcrcr-11c640c05abc0f0e821591538d8b06a8\">\n#top .hr.av-m8orcrcr-11c640c05abc0f0e821591538d8b06a8{\nmargin-top:10px;\nmargin-bottom:10px;\n}\n.hr.av-m8orcrcr-11c640c05abc0f0e821591538d8b06a8 .hr-inner{\nwidth:800px;\nborder-color:#fba81c;\n}\n<\/style>\n<div  class='hr av-m8orcrcr-11c640c05abc0f0e821591538d8b06a8 hr-custom  avia-builder-el-1  el_after_av_heading  el_before_av_textblock  hr-center hr-icon-no'><span class='hr-inner inner-border-av-border-fat'><span class=\"hr-inner-style\"><\/span><\/span><\/div>\n\n<style type=\"text\/css\" data-created_by=\"avia_inline_auto\" id=\"style-css-av-m8orkx1e-16410c8424c585534654289714394961\">\n#top .av_textblock_section.av-m8orkx1e-16410c8424c585534654289714394961 .avia_textblock{\ntext-align:center;\n}\n<\/style>\n<section  class='av_textblock_section av-m8orkx1e-16410c8424c585534654289714394961 '   itemscope=\"itemscope\" itemtype=\"https:\/\/schema.org\/CreativeWork\" ><div class='avia_textblock'  itemprop=\"text\" ><p id=\"u313087-2\">Brindar atenci\u00f3n y protecci\u00f3n multidisciplinaria a las familias v\u00edctimas de alg\u00fan tipo de violencia o v\u00edctimas de alg\u00fan delito. Fomentar la pr\u00e1ctica de convivencia pac\u00edfica basados en el respeto de los derechos humanos y valores democr\u00e1ticos, sensibilizar por medio de pl\u00e1ticas a los diferentes planteles educativos sobre los estilos de crianza que existen en nuestra comunidad.<\/p>\n<p id=\"u313087-3\">\n<p id=\"u313087-5\">Establecer las bases y lineamientos que regularan la prestaci\u00f3n de servicios de asistencia jur\u00eddica, encaminados a la protecci\u00f3n y ayuda de personas, familias o grupos en situaci\u00f3n vulnerable, en tanto superen su condici\u00f3n de desventaja, f\u00edsica, mental jur\u00eddica o social, que est\u00e9n en condiciones de reintegrarse a la sociedad, as\u00ed como la coordinaci\u00f3n de acciones con las autoridades estatales, federales, que tengan as\u00ed mismo la promoci\u00f3n de la asistencia social-jur\u00eddica.<\/p>\n<\/div><\/section>\n\n<style type=\"text\/css\" data-created_by=\"avia_inline_auto\" id=\"style-css-av-m8orn7tj-dc6d059962b9914fc827146a0a113723\">\n#top .av-special-heading.av-m8orn7tj-dc6d059962b9914fc827146a0a113723{\npadding-bottom:10px;\n}\nbody .av-special-heading.av-m8orn7tj-dc6d059962b9914fc827146a0a113723 .av-special-heading-tag .heading-char{\nfont-size:25px;\n}\n.av-special-heading.av-m8orn7tj-dc6d059962b9914fc827146a0a113723 .av-subheading{\nfont-size:15px;\n}\n<\/style>\n<div  class='av-special-heading av-m8orn7tj-dc6d059962b9914fc827146a0a113723 av-special-heading-h1 blockquote modern-quote modern-centered  avia-builder-el-3  el_after_av_textblock  el_before_av_layout_row  avia-builder-el-last '><h1 class='av-special-heading-tag '  itemprop=\"headline\"  >Programas y Servicios<\/h1><div class=\"special-heading-border\"><div class=\"special-heading-inner-border\"><\/div><\/div><\/div>\n<\/div><\/div><\/div><!-- close content main div --><\/div><\/div><div id='av-layout-grid-1'  class='av-layout-grid-container av-av_layout_row-575c31e8c6cc3da0551a44f6e7e59d11 entry-content-wrapper main_color av-flex-cells  avia-builder-el-4  el_after_av_heading  el_before_av_section  grid-row-not-first  container_wrap sidebar_right'  >\n<div class='flex_cell av-av_cell_one_third-9049ca77cd381b8eb45853defb5676d4 av-gridrow-cell av_one_third no_margin  avia-builder-el-5  el_before_av_cell_one_third  avia-builder-el-first '  ><div class='flex_cell_inner'>\n<style type=\"text\/css\" data-created_by=\"avia_inline_auto\" id=\"style-css-av-m8os808f-20c3c159c6b1b64a8b3cf9e6f184f799\">\n#top .av-special-heading.av-m8os808f-20c3c159c6b1b64a8b3cf9e6f184f799{\npadding-bottom:10px;\n}\nbody .av-special-heading.av-m8os808f-20c3c159c6b1b64a8b3cf9e6f184f799 .av-special-heading-tag .heading-char{\nfont-size:25px;\n}\n.av-special-heading.av-m8os808f-20c3c159c6b1b64a8b3cf9e6f184f799 .av-subheading{\nfont-size:15px;\n}\n<\/style>\n<div  class='av-special-heading av-m8os808f-20c3c159c6b1b64a8b3cf9e6f184f799 av-special-heading-h3  avia-builder-el-6  avia-builder-el-no-sibling '><h3 class='av-special-heading-tag '  itemprop=\"headline\"  >Asesor\u00eda Jur\u00eddica<\/h3><div class=\"special-heading-border\"><div class=\"special-heading-inner-border\"><\/div><\/div><\/div>\n<\/div><\/div><div class='flex_cell av-av_cell_one_third-9049ca77cd381b8eb45853defb5676d4 av-gridrow-cell av_one_third no_margin  avia-builder-el-7  el_after_av_cell_one_third  el_before_av_cell_one_third '  ><div class='flex_cell_inner'>\n<style type=\"text\/css\" data-created_by=\"avia_inline_auto\" id=\"style-css-av-m8os9kb1-025b7219a87cbbd00122cc72152520fa\">\n#top .av-special-heading.av-m8os9kb1-025b7219a87cbbd00122cc72152520fa{\npadding-bottom:10px;\n}\nbody .av-special-heading.av-m8os9kb1-025b7219a87cbbd00122cc72152520fa .av-special-heading-tag .heading-char{\nfont-size:25px;\n}\n.av-special-heading.av-m8os9kb1-025b7219a87cbbd00122cc72152520fa .av-subheading{\nfont-size:15px;\n}\n<\/style>\n<div  class='av-special-heading av-m8os9kb1-025b7219a87cbbd00122cc72152520fa av-special-heading-h3  avia-builder-el-8  avia-builder-el-no-sibling '><h3 class='av-special-heading-tag '  itemprop=\"headline\"  >Asesor\u00eda Psicol\u00f3gica<\/h3><div class=\"special-heading-border\"><div class=\"special-heading-inner-border\"><\/div><\/div><\/div>\n<\/div><\/div>\n<style type=\"text\/css\" data-created_by=\"avia_inline_auto\" id=\"style-css-av-av_cell_one_third-7b2dfb209afb870a55451575d23bd5b9\">\n.flex_cell.av-av_cell_one_third-7b2dfb209afb870a55451575d23bd5b9{\nvertical-align:top;\n}\n<\/style>\n<div class='flex_cell av-av_cell_one_third-7b2dfb209afb870a55451575d23bd5b9 av-gridrow-cell av_one_third no_margin  avia-builder-el-9  el_after_av_cell_one_third  avia-builder-el-last  content-align-top'  ><div class='flex_cell_inner'>\n<style type=\"text\/css\" data-created_by=\"avia_inline_auto\" id=\"style-css-av-m8os9wd5-8bc16ebe29c5248b1e1401f272b35598\">\n#top .av-special-heading.av-m8os9wd5-8bc16ebe29c5248b1e1401f272b35598{\npadding-bottom:10px;\n}\nbody .av-special-heading.av-m8os9wd5-8bc16ebe29c5248b1e1401f272b35598 .av-special-heading-tag .heading-char{\nfont-size:25px;\n}\n.av-special-heading.av-m8os9wd5-8bc16ebe29c5248b1e1401f272b35598 .av-subheading{\nfont-size:15px;\n}\n<\/style>\n<div  class='av-special-heading av-m8os9wd5-8bc16ebe29c5248b1e1401f272b35598 av-special-heading-h3  avia-builder-el-10  avia-builder-el-no-sibling '><h3 class='av-special-heading-tag '  itemprop=\"headline\"  >Trabajo Social<\/h3><div class=\"special-heading-border\"><div class=\"special-heading-inner-border\"><\/div><\/div><\/div>\n<\/div><\/div><\/div>\n<style type=\"text\/css\" data-created_by=\"avia_inline_auto\" id=\"style-css-av-m8oskgce-6e121ce703a8f0879090801060239ccb\">\n.avia-section.av-m8oskgce-6e121ce703a8f0879090801060239ccb .av-parallax .av-parallax-inner{\nbackground-repeat:no-repeat;\nbackground-image:url(https:\/\/diftorreon.gob.mx\/wp-content\/uploads\/2025\/03\/fondodif2.png);\nbackground-position:0% 50%;\nbackground-attachment:scroll;\n}\n<\/style>\n<div id='av_section_1'  class='avia-section av-m8oskgce-6e121ce703a8f0879090801060239ccb main_color avia-section-default avia-no-border-styling  avia-builder-el-11  el_after_av_layout_row  avia-builder-el-last  av-parallax-section avia-bg-style-parallax container_wrap sidebar_right'  data-section-bg-repeat='no-repeat'><div class='av-parallax' data-avia-parallax-ratio='0.3' ><div class='av-parallax-inner main_color avia-full-stretch'><\/div><\/div><div class='container av-section-cont-open' ><div class='template-page content  av-content-small alpha units'><div class='post-entry post-entry-type-page post-entry-271'><div class='entry-content-wrapper clearfix'>\n\n<style type=\"text\/css\" data-created_by=\"avia_inline_auto\" id=\"style-css-av-m8oskpdo-f423d8e6702a7d6721f7205d37f6a222\">\n.avia-image-container.av-m8oskpdo-f423d8e6702a7d6721f7205d37f6a222 img.avia_image{\nbox-shadow:none;\n}\n.avia-image-container.av-m8oskpdo-f423d8e6702a7d6721f7205d37f6a222 .av-image-caption-overlay-center{\ncolor:#ffffff;\n}\n<\/style>\n<div  class='avia-image-container av-m8oskpdo-f423d8e6702a7d6721f7205d37f6a222 av-styling- avia-align-center  avia-builder-el-12  el_before_av_one_half  avia-builder-el-first '   itemprop=\"image\" itemscope=\"itemscope\" itemtype=\"https:\/\/schema.org\/ImageObject\" ><div class=\"avia-image-container-inner\"><div class=\"avia-image-overlay-wrap\"><img decoding=\"async\" fetchpriority=\"high\" class='wp-image-129 avia-img-lazy-loading-not-129 avia_image ' src=\"https:\/\/diftorreon.gob.mx\/wp-content\/uploads\/2025\/03\/difsombra3-173x300.png\" alt='' title='difsombra3'  height=\"300\" width=\"173\"  itemprop=\"thumbnailUrl\" srcset=\"https:\/\/diftorreon.gob.mx\/wp-content\/uploads\/2025\/03\/difsombra3-173x300.png 173w, https:\/\/diftorreon.gob.mx\/wp-content\/uploads\/2025\/03\/difsombra3.png 385w\" sizes=\"(max-width: 173px) 100vw, 173px\" \/><\/div><\/div><\/div>\n<div  class='flex_column av-av_one_half-2d22dc0500e159f2b39fe7a147caf14c av_one_half  avia-builder-el-13  el_after_av_image  el_before_av_one_half  first flex_column_div  '     ><style type=\"text\/css\" data-created_by=\"avia_inline_auto\" id=\"style-css-av-m8ot1k3d-cd590dc0c359ccd7afda0232f0a49ea5\">\n#top .av_textblock_section.av-m8ot1k3d-cd590dc0c359ccd7afda0232f0a49ea5 .avia_textblock{\ncolor:#ffffff;\ntext-align:center;\n}\n<\/style>\n<section  class='av_textblock_section av-m8ot1k3d-cd590dc0c359ccd7afda0232f0a49ea5 '   itemscope=\"itemscope\" itemtype=\"https:\/\/schema.org\/CreativeWork\" ><div class='avia_textblock av_inherit_color'  itemprop=\"text\" ><h2>CIUDAD DIF<\/h2>\n<p>Calzada de Los Continentes #500<br \/>\nFracc. Las Etnias C.P. 27058, Torre\u00f3n, Coah. Tel. (871) 229-3300<\/p>\n<\/div><\/section><\/div><div  class='flex_column av-av_one_half-3b0d446bf9e6f7db91541aa567be4cdf av_one_half  avia-builder-el-15  el_after_av_one_half  avia-builder-el-last  flex_column_div  '     ><style type=\"text\/css\" data-created_by=\"avia_inline_auto\" id=\"style-css-av-m8ot21jh-b4327d396fd7127a6ae6401c893bb163\">\n#top .av_textblock_section.av-m8ot21jh-b4327d396fd7127a6ae6401c893bb163 .avia_textblock{\ncolor:#ffffff;\ntext-align:center;\n}\n<\/style>\n<section  class='av_textblock_section av-m8ot21jh-b4327d396fd7127a6ae6401c893bb163 '   itemscope=\"itemscope\" itemtype=\"https:\/\/schema.org\/CreativeWork\" ><div class='avia_textblock av_inherit_color'  itemprop=\"text\" ><h2>DIF REVOLUCI\u00d3N<\/h2>\n<p>Blvd. Revoluci\u00f3n No. 639 Pte.<br \/>\nCol. Centro. C.P. 27000, Torre\u00f3n, Coah.<\/p>\n<\/div><\/section><\/div><\/div><\/div><\/div><!-- close content main div --><\/div><\/div><div id='after_section_1'  class='main_color av_default_container_wrap container_wrap sidebar_right'  ><div class='container av-section-cont-open' ><div class='template-page content  av-content-small alpha units'><div class='post-entry post-entry-type-page post-entry-271'><div class='entry-content-wrapper clearfix'><\/p>\n","protected":false},"excerpt":{"rendered":"","protected":false},"author":1,"featured_media":0,"parent":0,"menu_order":0,"comment_status":"closed","ping_status":"closed","template":"","meta":{"footnotes":""},"class_list":["post-271","page","type-page","status-publish","hentry"],"_links":{"self":[{"href":"https:\/\/diftorreon.gob.mx\/index.php\/wp-json\/wp\/v2\/pages\/271","targetHints":{"allow":["GET"]}}],"collection":[{"href":"https:\/\/diftorreon.gob.mx\/index.php\/wp-json\/wp\/v2\/pages"}],"about":[{"href":"https:\/\/diftorreon.gob.mx\/index.php\/wp-json\/wp\/v2\/types\/page"}],"author":[{"embeddable":true,"href":"https:\/\/diftorreon.gob.mx\/index.php\/wp-json\/wp\/v2\/users\/1"}],"replies":[{"embeddable":true,"href":"https:\/\/diftorreon.gob.mx\/index.php\/wp-json\/wp\/v2\/comments?post=271"}],"version-history":[{"count":12,"href":"https:\/\/diftorreon.gob.mx\/index.php\/wp-json\/wp\/v2\/pages\/271\/revisions"}],"predecessor-version":[{"id":343,"href":"https:\/\/diftorreon.gob.mx\/index.php\/wp-json\/wp\/v2\/pages\/271\/revisions\/343"}],"wp:attachment":[{"href":"https:\/\/diftorreon.gob.mx\/index.php\/wp-json\/wp\/v2\/media?parent=271"}],"curies":[{"name":"wp","href":"https:\/\/api.w.org\/{rel}","templated":true}]}}