{"id":273,"date":"2025-03-19T19:23:31","date_gmt":"2025-03-19T19:23:31","guid":{"rendered":"https:\/\/diftorreon.gob.mx\/?page_id=273"},"modified":"2025-03-25T18:47:04","modified_gmt":"2025-03-25T18:47:04","slug":"voluntariado","status":"publish","type":"page","link":"https:\/\/diftorreon.gob.mx\/index.php\/voluntariado\/","title":{"rendered":"Voluntariado"},"content":{"rendered":"\n<style type=\"text\/css\" data-created_by=\"avia_inline_auto\" id=\"style-css-av-m8ou6dv5-06a237429b970881714789132b0f3945\">\n#top .av-special-heading.av-m8ou6dv5-06a237429b970881714789132b0f3945{\npadding-bottom:10px;\ncolor:#8e2b91;\nfont-size:4vw;\n}\nbody .av-special-heading.av-m8ou6dv5-06a237429b970881714789132b0f3945 .av-special-heading-tag .heading-char{\nfont-size:25px;\n}\n#top #wrap_all .av-special-heading.av-m8ou6dv5-06a237429b970881714789132b0f3945 .av-special-heading-tag{\nfont-size:4vw;\n}\n.av-special-heading.av-m8ou6dv5-06a237429b970881714789132b0f3945 .special-heading-inner-border{\nborder-color:#8e2b91;\n}\n.av-special-heading.av-m8ou6dv5-06a237429b970881714789132b0f3945 .av-subheading{\nfont-size:15px;\n}\n\n@media only screen and (min-width: 480px) and (max-width: 767px){ \n#top #wrap_all .av-special-heading.av-m8ou6dv5-06a237429b970881714789132b0f3945 .av-special-heading-tag{\nfont-size:0.8em;\n}\n}\n\n@media only screen and (max-width: 479px){ \n#top #wrap_all .av-special-heading.av-m8ou6dv5-06a237429b970881714789132b0f3945 .av-special-heading-tag{\nfont-size:0.8em;\n}\n}\n<\/style>\n<div  class='av-special-heading av-m8ou6dv5-06a237429b970881714789132b0f3945 av-special-heading-h3 custom-color-heading blockquote modern-quote modern-centered  avia-builder-el-0  el_before_av_hr  avia-builder-el-first  av-inherit-size'><h3 class='av-special-heading-tag '  itemprop=\"headline\"  >VOLUNTARIADO DIF<\/h3><div class=\"special-heading-border\"><div class=\"special-heading-inner-border\"><\/div><\/div><\/div>\n\n<style type=\"text\/css\" data-created_by=\"avia_inline_auto\" id=\"style-css-av-m8ou8h0l-992b42e76e1032c0332ca44a60574260\">\n#top .hr.av-m8ou8h0l-992b42e76e1032c0332ca44a60574260{\nmargin-top:10px;\nmargin-bottom:10px;\n}\n.hr.av-m8ou8h0l-992b42e76e1032c0332ca44a60574260 .hr-inner{\nwidth:800px;\nborder-color:#fba81c;\n}\n<\/style>\n<div  class='hr av-m8ou8h0l-992b42e76e1032c0332ca44a60574260 hr-custom  avia-builder-el-1  el_after_av_heading  el_before_av_textblock  hr-center hr-icon-no'><span class='hr-inner inner-border-av-border-fat'><span class=\"hr-inner-style\"><\/span><\/span><\/div>\n\n<style type=\"text\/css\" data-created_by=\"avia_inline_auto\" id=\"style-css-av-m8ou964q-a6e00d3c35d99db53f498cef6848648d\">\n#top .av_textblock_section.av-m8ou964q-a6e00d3c35d99db53f498cef6848648d .avia_textblock{\ntext-align:center;\n}\n<\/style>\n<section  class='av_textblock_section av-m8ou964q-a6e00d3c35d99db53f498cef6848648d '   itemscope=\"itemscope\" itemtype=\"https:\/\/schema.org\/CreativeWork\" ><div class='avia_textblock'  itemprop=\"text\" ><p>Su principal objetivo es el de impulsar las diferentes campa\u00f1as de asistencia social, acopios y recaudaci\u00f3n de fondos y gestionar apoyos ante la sociedad civil, ya sea en especie o en efectivo, con la finalidad de apoyar a las instituciones asistenciales.<\/p>\n<p>Entre las facultades del Voluntariado DIF est\u00e1n: encabezar y coordinar las acciones de los voluntarios que pertenecen al Sistema DIF Torre\u00f3n, as\u00ed como representar y asistir a\u00a0 eventos en beneficio de la asistencia social con el fin de promover la participaci\u00f3n ciudadana.<\/p>\n<p>Las integrantes del Voluntariado atienden las solicitudes y necesidades de los ciudadanos y de las organizaciones civiles, con el fin de dar seguimiento y pronta respuesta a su petici\u00f3n, se encargan de asistir a los actos protocolarios y de asistencia social, as\u00ed como\u00a0 de coordinar y encabezar los trabajos de los voluntariados de las secretar\u00eda del gobierno estatal.<\/p>\n<\/div><\/section>\n<\/div><\/div><\/div><!-- close content main div --><\/div><\/div>\n<style type=\"text\/css\" data-created_by=\"avia_inline_auto\" id=\"style-css-av-m8ouest7-e8270c585ac77630dc49d5432b439c5e\">\n.avia-section.av-m8ouest7-e8270c585ac77630dc49d5432b439c5e .av-parallax .av-parallax-inner{\nbackground-repeat:no-repeat;\nbackground-image:url(https:\/\/diftorreon.gob.mx\/wp-content\/uploads\/2025\/03\/fondodif2.png);\nbackground-position:0% 50%;\nbackground-attachment:scroll;\n}\n<\/style>\n<div id='av_section_1'  class='avia-section av-m8ouest7-e8270c585ac77630dc49d5432b439c5e main_color avia-section-default avia-no-border-styling  avia-builder-el-3  el_after_av_textblock  avia-builder-el-last  av-parallax-section avia-bg-style-parallax container_wrap sidebar_right'  data-section-bg-repeat='no-repeat'><div class='av-parallax' data-avia-parallax-ratio='0.3' ><div class='av-parallax-inner main_color avia-full-stretch'><\/div><\/div><div class='container av-section-cont-open' ><div class='template-page content  av-content-small alpha units'><div class='post-entry post-entry-type-page post-entry-273'><div class='entry-content-wrapper clearfix'>\n\n<style type=\"text\/css\" data-created_by=\"avia_inline_auto\" id=\"style-css-av-m8ouf289-46a5952f56a7bfe9845b56e93b7e2939\">\n.avia-image-container.av-m8ouf289-46a5952f56a7bfe9845b56e93b7e2939 img.avia_image{\nbox-shadow:none;\n}\n.avia-image-container.av-m8ouf289-46a5952f56a7bfe9845b56e93b7e2939 .av-image-caption-overlay-center{\ncolor:#ffffff;\n}\n<\/style>\n<div  class='avia-image-container av-m8ouf289-46a5952f56a7bfe9845b56e93b7e2939 av-styling- avia-align-center  avia-builder-el-4  el_before_av_one_half  avia-builder-el-first '   itemprop=\"image\" itemscope=\"itemscope\" itemtype=\"https:\/\/schema.org\/ImageObject\" ><div class=\"avia-image-container-inner\"><div class=\"avia-image-overlay-wrap\"><img decoding=\"async\" fetchpriority=\"high\" class='wp-image-129 avia-img-lazy-loading-not-129 avia_image ' src=\"https:\/\/diftorreon.gob.mx\/wp-content\/uploads\/2025\/03\/difsombra3-173x300.png\" alt='' title='difsombra3'  height=\"300\" width=\"173\"  itemprop=\"thumbnailUrl\" srcset=\"https:\/\/diftorreon.gob.mx\/wp-content\/uploads\/2025\/03\/difsombra3-173x300.png 173w, https:\/\/diftorreon.gob.mx\/wp-content\/uploads\/2025\/03\/difsombra3.png 385w\" sizes=\"(max-width: 173px) 100vw, 173px\" \/><\/div><\/div><\/div>\n<div  class='flex_column av-av_one_half-2d22dc0500e159f2b39fe7a147caf14c av_one_half  avia-builder-el-5  el_after_av_image  el_before_av_one_half  first flex_column_div  '     ><style type=\"text\/css\" data-created_by=\"avia_inline_auto\" id=\"style-css-av-m8oukgql-f92a693334542b1668574d616a01ed66\">\n#top .av_textblock_section.av-m8oukgql-f92a693334542b1668574d616a01ed66 .avia_textblock{\ncolor:#ffffff;\ntext-align:center;\n}\n<\/style>\n<section  class='av_textblock_section av-m8oukgql-f92a693334542b1668574d616a01ed66 '   itemscope=\"itemscope\" itemtype=\"https:\/\/schema.org\/CreativeWork\" ><div class='avia_textblock av_inherit_color'  itemprop=\"text\" ><h2>CIUDAD DIF<\/h2>\n<p>Calzada de Los Continentes #500<br \/>\nFracc. Las Etnias C.P. 27058, Torre\u00f3n, Coah. Tel. (871) 229-3300<\/p>\n<\/div><\/section><\/div><div  class='flex_column av-av_one_half-3b0d446bf9e6f7db91541aa567be4cdf av_one_half  avia-builder-el-7  el_after_av_one_half  avia-builder-el-last  flex_column_div  '     ><style type=\"text\/css\" data-created_by=\"avia_inline_auto\" id=\"style-css-av-m8ouky86-10dbbb7155865fb2378b3fb7549a5018\">\n#top .av_textblock_section.av-m8ouky86-10dbbb7155865fb2378b3fb7549a5018 .avia_textblock{\ncolor:#ffffff;\ntext-align:center;\n}\n<\/style>\n<section  class='av_textblock_section av-m8ouky86-10dbbb7155865fb2378b3fb7549a5018 '   itemscope=\"itemscope\" itemtype=\"https:\/\/schema.org\/CreativeWork\" ><div class='avia_textblock av_inherit_color'  itemprop=\"text\" ><h2>DIF REVOLUCI\u00d3N<\/h2>\n<p>Blvd. Revoluci\u00f3n No. 639 Pte.<br \/>\nCol. Centro. C.P. 27000, Torre\u00f3n, Coah.<\/p>\n<\/div><\/section><\/div><\/div><\/div><\/div><!-- close content main div --><\/div><\/div><div id='after_section_1'  class='main_color av_default_container_wrap container_wrap sidebar_right'  ><div class='container av-section-cont-open' ><div class='template-page content  av-content-small alpha units'><div class='post-entry post-entry-type-page post-entry-273'><div class='entry-content-wrapper clearfix'>\n","protected":false},"excerpt":{"rendered":"","protected":false},"author":1,"featured_media":0,"parent":0,"menu_order":0,"comment_status":"closed","ping_status":"closed","template":"","meta":{"footnotes":""},"class_list":["post-273","page","type-page","status-publish","hentry"],"_links":{"self":[{"href":"https:\/\/diftorreon.gob.mx\/index.php\/wp-json\/wp\/v2\/pages\/273","targetHints":{"allow":["GET"]}}],"collection":[{"href":"https:\/\/diftorreon.gob.mx\/index.php\/wp-json\/wp\/v2\/pages"}],"about":[{"href":"https:\/\/diftorreon.gob.mx\/index.php\/wp-json\/wp\/v2\/types\/page"}],"author":[{"embeddable":true,"href":"https:\/\/diftorreon.gob.mx\/index.php\/wp-json\/wp\/v2\/users\/1"}],"replies":[{"embeddable":true,"href":"https:\/\/diftorreon.gob.mx\/index.php\/wp-json\/wp\/v2\/comments?post=273"}],"version-history":[{"count":9,"href":"https:\/\/diftorreon.gob.mx\/index.php\/wp-json\/wp\/v2\/pages\/273\/revisions"}],"predecessor-version":[{"id":354,"href":"https:\/\/diftorreon.gob.mx\/index.php\/wp-json\/wp\/v2\/pages\/273\/revisions\/354"}],"wp:attachment":[{"href":"https:\/\/diftorreon.gob.mx\/index.php\/wp-json\/wp\/v2\/media?parent=273"}],"curies":[{"name":"wp","href":"https:\/\/api.w.org\/{rel}","templated":true}]}}